{"id":22,"date":"2019-10-31T18:23:52","date_gmt":"2019-10-31T17:23:52","guid":{"rendered":"http:\/\/www.epvs.yt\/?page_id=22"},"modified":"2023-11-20T12:17:15","modified_gmt":"2023-11-20T09:17:15","slug":"lassociation","status":"publish","type":"page","link":"https:\/\/www.epvs.yt\/index.php\/lassociation\/","title":{"rendered":"L&rsquo;association"},"content":{"rendered":"\n<p class=\"has-medium-font-size\"><strong>E<\/strong>nsemble <strong>P<\/strong>our <strong>V<\/strong>otre <strong>S<\/strong>ant\u00e9 est une association loi 1901, cr\u00e9\u00e9e le 09 Octobre 2019.<\/p>\n\n\n\n<p class=\"has-medium-font-size\">L&rsquo;association a pour objet de r\u00e9pondre \u00e0 un besoin de sant\u00e9 sur le territoire de Mayotte, en optimisant la qualit\u00e9 des soins par la coordination entre professionnels.<\/p>\n\n\n\n<p class=\"has-medium-font-size\">L&rsquo;activit\u00e9 principale est la mise en application de la t\u00e9l\u00e9expertise sur le territoire de Mayotte. <\/p>\n\n\n\n<p class=\"has-medium-font-size\">L&rsquo;association met \u00e0 disposition des professionnels de sant\u00e9 adh\u00e9rents, un mat\u00e9riel de t\u00e9l\u00e9-consultation de pointe afin de pouvoir relever des informations de qualit\u00e9s \u00e0 destination des m\u00e9decins sp\u00e9cialistes absent du territoire ou demander des avis \u00e0 des confr\u00e8res.<\/p>\n\n\n\n<p class=\"has-medium-font-size\">Bien entendu, l&rsquo;organisation de t\u00e9l\u00e9consultations et t\u00e9l\u00e9visites de m\u00e9decine g\u00e9n\u00e9rale font parties du scope des actions que nous mettons en place pour une offrir une m\u00e9decine de qualit\u00e9 \u00e0 tous les Mahorais.<\/p>\n\n\n\n<p class=\"has-text-align-left has-black-color has-text-color has-medium-font-size\"><\/p>\n\n\n\n<p class=\"has-text-align-left has-medium-font-size\">Le si\u00e8ge de l&rsquo;association se trouve : <strong>39 Avenue Abdoul Bastoi Omar<\/strong> \u00e0 <strong>Mamoudzou<\/strong> (Mayotte)<\/p>\n\n\n\n<p class=\"has-medium-font-size\"><\/p>\n\n\n\n<h2 class=\"wp-block-heading\">Composition du Bureau<\/h2>\n\n\n\n<figure class=\"wp-block-table\"><table><tbody><tr><td>Pr\u00e9sident<\/td><td>M. Isma\u00ebl EL HABIB<\/td><\/tr><tr><td>Vice pr\u00e9sident<\/td><td>M. Saindou ALLAOUI<\/td><\/tr><tr><td>Secr\u00e9taire<\/td><td>M. Jacques LAUNAY<\/td><\/tr><tr><td>Secr\u00e9taire adjoint<\/td><td>Dr Martine EUTROPE<\/td><\/tr><tr><td>Tr\u00e9sorier<\/td><td>Mme Chlo\u00e9 CHARLOT<\/td><\/tr><tr><td>Tr\u00e9sorier adjoint<\/td><td>M. Samir CHARAFOUDINE<\/td><\/tr><\/tbody><\/table><\/figure>\n\n\n\n<p><\/p>\n\n\n\n<p><\/p>\n\n\n\n<p><\/p>\n","protected":false},"excerpt":{"rendered":"<p>Ensemble Pour Votre Sant\u00e9 est une association loi 1901, cr\u00e9\u00e9e le 09 Octobre 2019. L&rsquo;association a pour objet de r\u00e9pondre \u00e0 un besoin de sant\u00e9 sur le territoire de Mayotte, en optimisant la qualit\u00e9 des soins par la coordination entre professionnels. L&rsquo;activit\u00e9 principale est la mise en application de la t\u00e9l\u00e9expertise sur le territoire de&hellip; <br \/> <a class=\"read-more\" href=\"https:\/\/www.epvs.yt\/index.php\/lassociation\/\">Lire la suite<\/a><\/p>\n","protected":false},"author":1,"featured_media":0,"parent":0,"menu_order":0,"comment_status":"closed","ping_status":"closed","template":"","meta":{"footnotes":""},"_links":{"self":[{"href":"https:\/\/www.epvs.yt\/index.php\/wp-json\/wp\/v2\/pages\/22"}],"collection":[{"href":"https:\/\/www.epvs.yt\/index.php\/wp-json\/wp\/v2\/pages"}],"about":[{"href":"https:\/\/www.epvs.yt\/index.php\/wp-json\/wp\/v2\/types\/page"}],"author":[{"embeddable":true,"href":"https:\/\/www.epvs.yt\/index.php\/wp-json\/wp\/v2\/users\/1"}],"replies":[{"embeddable":true,"href":"https:\/\/www.epvs.yt\/index.php\/wp-json\/wp\/v2\/comments?post=22"}],"version-history":[{"count":13,"href":"https:\/\/www.epvs.yt\/index.php\/wp-json\/wp\/v2\/pages\/22\/revisions"}],"predecessor-version":[{"id":439,"href":"https:\/\/www.epvs.yt\/index.php\/wp-json\/wp\/v2\/pages\/22\/revisions\/439"}],"wp:attachment":[{"href":"https:\/\/www.epvs.yt\/index.php\/wp-json\/wp\/v2\/media?parent=22"}],"curies":[{"name":"wp","href":"https:\/\/api.w.org\/{rel}","templated":true}]}}