{"id":141,"date":"2019-12-19T11:41:52","date_gmt":"2019-12-19T08:41:52","guid":{"rendered":"http:\/\/www.epvs.yt\/index.php\/mesmerize\/"},"modified":"2024-03-13T12:18:42","modified_gmt":"2024-03-13T09:18:42","slug":"mesmerize","status":"publish","type":"page","link":"https:\/\/www.epvs.yt\/","title":{"rendered":"ACCUEIL"},"content":{"rendered":"<div id=\"overlappable-4\" class=\"overlappable-4 content-section content-section-spacing\" style=\"background-color: #f5fafd; background-image: none;\" data-label=\"Overlappable\" data-id=\"overlappable-4\" data-export-id=\"overlappable-4\" data-category=\"overlappable\" data-overlap=\"true\">\n<div class=\"gridContainer\">\n<div class=\"row spaced-cols text-center\" data-type=\"row\">\n<div class=\"col-xs-12 col-sm-4 col-padding col-md-6 \"><i class=\"fa icon shadow-large-black aligncenter color1 fa-home bordered round large\"><\/i>\n<div class=\"\" data-type=\"column\">\n<h5 class=\"\">CDTM2A<\/h5>\nCentre de T\u00e9l\u00e9m\u00e9decine Assist\u00e9e et Augment\u00e9e\n<p class=\"\">14 Avenue Du Stade, <strong>Hamjago<\/strong><\/p>\n97630 \u2013 M\u2019Tsamboro\n<div class=\"\" data-type=\"column\">\n<h5 class=\"\">Prendre rendez-vous<\/h5>\n<h5 class=\"\">+262 269 63 61 06<\/h5>\nsecretariat@epvs.yt\n\n<\/div>\n<\/div>\n<\/div>\n<div class=\"col-xs-12 col-sm-4 col-padding col-md-6\"><i class=\"fa icon shadow-large-black aligncenter color1 fa-home bordered round large\"><\/i>\n<div class=\"\" data-type=\"column\">\n<h5 class=\"\">SPOT CDTM2A<\/h5>\nCentre de T\u00e9l\u00e9m\u00e9decine Assist\u00e9e et Augment\u00e9e\n<p class=\"\">Route Nationale<\/p>\n<strong>Tsoundzou 2<\/strong>\n<div class=\"\" data-type=\"column\">\n<h5 class=\"\">Prendre rendez-vous<\/h5>\n<h5>+262 269 63 61 06<\/h5>\n<\/div>\n<\/div>\n<p data-type=\"column\">secretariat@epvs.yt<\/p>\n\n<\/div>\n<div class=\"col-xs-12 col-sm-4 col-padding col-md-6\"><\/div>\n<div class=\"col-xs-12 col-sm-4 col-padding col-md-6\"><\/div>\n<div class=\"col-xs-12 col-sm-4 col-padding col-md-6\">\n<div class=\"\" data-type=\"column\"><img decoding=\"async\" class=\"custom-image\" title=\"Capture d\u2019e\u0301cran 2022-11-13 a\u0300 14.03.05\" src=\"https:\/\/www.epvs.yt\/wp-content\/uploads\/2022\/11\/cropped-Capture-de\u0301cran-2022-11-13-a\u0300-14.03.05-1.png\" alt=\"\" \/>\n<h5 class=\"\">Nous rejoindre et nous aider<\/h5>\n<a class=\"button blue\" href=\"https:\/\/www.helloasso.com\/associations\/ensemble-pour-votre-sante\/adhesions\/adhesion\" target=\"_blank\" rel=\"noopener\" data-cp-link=\"1\">Adh\u00e9rer via le site HelloAsso<\/a>\n\n<\/div>\n<\/div>\n<\/div>\n<\/div>\n<\/div>\n<div id=\"je-suis-mdecin\" class=\"about-4 content-section content-section-spacing\" style=\"background-color: #f5fafd;\" data-label=\"Je suis mdecin\" data-id=\"about--2\" data-export-id=\"about-4\" data-category=\"about\">\n<div class=\"gridContainer\">\n<div class=\"row middle-sm text-center\">\n<div class=\"col-sm-5 space-bottom-xs\" data-type=\"column\">\n<h2 class=\"\">Je suis m\u00e9decin<\/h2>\n<p class=\"\">Comment puis-je participer ?<\/p>\nRien de plus simple : vous prenez rendez-vous !\n\nNous vous installerons les outils sur votre PC\n\nNous vous formerons \u00e0 leur utilisation\nNous vous inscrirons dans le syst\u00e8me de t\u00e9l\u00e9consultation\n\nVous t\u00e9l\u00e9consultez et facturez comme une consultation en votre cabinet.\n\n<a class=\"button color1\" href=\"#contact-1\" target=\"_self\" rel=\"noopener\" data-cp-link=\"1\">Solliciter un RDV<\/a>\n\n<\/div>\n<div class=\"col-sm-7 flexbox center-xs middle-xs image-group-2-img\"><img decoding=\"async\" class=\"img-1 shadow-large\" title=\"__doc\" src=\"https:\/\/www.epvs.yt\/wp-content\/uploads\/2023\/10\/cropped-doc-scaled-1.jpg\" alt=\"\" data-size=\"250x200\" \/> <img decoding=\"async\" class=\"img-2 shadow-large\" title=\"pngtree-a-lineup-of-doctors-of-different-races-and-ethnicities-photo-image_42320166\" src=\"https:\/\/www.epvs.yt\/wp-content\/uploads\/2023\/10\/pngtree-a-lineup-of-doctors-of-different-races-and-ethnicities-photo-image_42320166.jpg\" alt=\"\" data-size=\"220x170\" \/><\/div>\n<\/div>\n<\/div>\n<\/div>\n<div id=\"matriel-1\" class=\"about-1 content-section\" style=\"background-color: #f5fafd;\" data-label=\"Matriel\" data-id=\"about--1\" data-export-id=\"about-1\" data-category=\"about\">\n<div class=\"gridContainer\">\n<div class=\"row text-center\">\n<div class=\"section-title-col\" data-type=\"column\">\n<h2 class=\"\">G\u00e9n\u00e9raliste ou Sp\u00e9cialiste,<\/h2>\naugmentez votre champs des possibles !\n<p class=\"lead\">Avec les \u00e9quipements connect\u00e9s mis \u00e0 votre disposition, l\u2019assistant (et traducteur) sera votre main.<\/p>\nOu que vous soyez, t\u00e9l\u00e9consultez \u00e0 Mayotte !\n\n<\/div>\n<\/div>\n<div class=\"row\">\n<div class=\"button-holder space-bottom space-bottom-small\" data-type=\"column\"><\/div>\n<div class=\"col-xs bottom-xs flexbox image-group-bottom-3-img space-bottom-xs center-xs\"><a class=\"left-img-anchor\" href=\"#\" target=\"_self\" rel=\"noopener\" data-cp-link=\"1\"><img decoding=\"async\" class=\"left-img shadow-large-black\" src=\"https:\/\/www.epvs.yt\/wp-content\/uploads\/2022\/09\/MAS7420.jpg\" data-size=\"500x300\" \/><\/a> <img decoding=\"async\" class=\"center-img shadow-large-black\" title=\"Capteurs\" src=\"https:\/\/www.epvs.yt\/wp-content\/uploads\/2022\/09\/Capture-decran-2022-09-23-a-10.54.45.png\" alt=\"\" data-size=\"500x300\" \/> <a class=\"right-img-anchor\" href=\"#\" target=\"_self\" rel=\"noopener\" data-cp-link=\"1\"><img decoding=\"async\" class=\"right-img shadow-large-black\" src=\"https:\/\/www.epvs.yt\/wp-content\/uploads\/2022\/09\/MAS7389.jpg\" data-size=\"500x300\" \/><\/a><\/div>\n<\/div>\n<\/div>\n<\/div>\n<div id=\"contact-1\" class=\"contact-1 content-section content-section-spacing white-text\" style=\"background-color: #ffffff; background-image: url('https:\/\/www.epvs.yt\/wp-content\/uploads\/2023\/10\/IMG_4252-scaled.jpeg'); background-size: cover; background-position: center top;\" data-label=\"Contact\" data-id=\"contact--1\" data-export-id=\"contact-1\" data-category=\"contact\" data-parallax-depth=\"20\">\n<div class=\"gridContainer\">\n<div class=\"row text-center\">\n<div class=\"section-title-col\" data-type=\"column\"><\/div>\n<\/div>\n<div class=\"row text-center\">\n<div class=\"col-xs-12 col-sm-8 col-sm-offset-2 contact-form-wrapper inline-info\">\n<div class=\"card large-padding\">\n<div class=\"\" data-content-shortcode=\"mesmerize_contact_form shortcode=&quot;&amp;amp;lt;div class=&amp;amp;quot;powr-contact-form&amp;amp;quot; id=&amp;amp;quot;dab29bee_1663934057&amp;amp;quot;&amp;amp;gt;&amp;amp;lt;\/div&amp;amp;gt;&amp;amp;lt;script src=&amp;amp;quot;https:\/\/www.powr.io\/powr.js?platform=mesmerizeforwordpress&amp;amp;quot;&amp;amp;gt;&amp;amp;lt;\/script&amp;amp;gt;&quot;\" data-editable=\"true\">[]<\/div>\n<\/div>\n<\/div>\n<\/div>\n<\/div>\n<\/div>","protected":false},"excerpt":{"rendered":"<p>CDTM2A Centre de T\u00e9l\u00e9m\u00e9decine Assist\u00e9e et Augment\u00e9e 14 Avenue Du Stade, Hamjago 97630 \u2013 M\u2019Tsamboro Prendre rendez-vous +262 269 63 61 06 secretariat@epvs.yt SPOT CDTM2A Centre de T\u00e9l\u00e9m\u00e9decine Assist\u00e9e et Augment\u00e9e Route Nationale Tsoundzou 2 Prendre rendez-vous +262 269 63 61 06 secretariat@epvs.yt Nous rejoindre et nous aider Adh\u00e9rer via le site HelloAsso Je suis&hellip; <br \/> <a class=\"read-more\" href=\"https:\/\/www.epvs.yt\/\">Lire la suite<\/a><\/p>\n","protected":false},"author":1,"featured_media":112,"parent":0,"menu_order":0,"comment_status":"closed","ping_status":"closed","template":"page-templates\/homepage.php","meta":{"footnotes":""},"_links":{"self":[{"href":"https:\/\/www.epvs.yt\/index.php\/wp-json\/wp\/v2\/pages\/141"}],"collection":[{"href":"https:\/\/www.epvs.yt\/index.php\/wp-json\/wp\/v2\/pages"}],"about":[{"href":"https:\/\/www.epvs.yt\/index.php\/wp-json\/wp\/v2\/types\/page"}],"author":[{"embeddable":true,"href":"https:\/\/www.epvs.yt\/index.php\/wp-json\/wp\/v2\/users\/1"}],"replies":[{"embeddable":true,"href":"https:\/\/www.epvs.yt\/index.php\/wp-json\/wp\/v2\/comments?post=141"}],"version-history":[{"count":77,"href":"https:\/\/www.epvs.yt\/index.php\/wp-json\/wp\/v2\/pages\/141\/revisions"}],"predecessor-version":[{"id":475,"href":"https:\/\/www.epvs.yt\/index.php\/wp-json\/wp\/v2\/pages\/141\/revisions\/475"}],"wp:featuredmedia":[{"embeddable":true,"href":"https:\/\/www.epvs.yt\/index.php\/wp-json\/wp\/v2\/media\/112"}],"wp:attachment":[{"href":"https:\/\/www.epvs.yt\/index.php\/wp-json\/wp\/v2\/media?parent=141"}],"curies":[{"name":"wp","href":"https:\/\/api.w.org\/{rel}","templated":true}]}}